{"id":30274,"date":"2024-10-24T05:55:38","date_gmt":"2024-10-24T05:55:38","guid":{"rendered":"https:\/\/ipris.digital\/mystaging03\/actualites-2\/"},"modified":"2024-10-29T07:09:44","modified_gmt":"2024-10-29T07:09:44","slug":"actualites","status":"publish","type":"page","link":"https:\/\/ipris.digital\/mystaging03\/fr\/actualites\/","title":{"rendered":"Actualit\u00e9s"},"content":{"rendered":"<h2>ACTUALIT\u00c9S ET BLOGS<\/h2>\n<ul>\n<li>\n\t\t\t\t\t\t\t\t\t\t\t<a href=\"https:\/\/ipris.digital\/mystaging03\/fr\/actualites\/\"><br \/>\n\t\t\t\t\t\t\t\t\t\t\tActualit\u00e9s |<br \/>\n\t\t\t\t\t\t\t\t\t\t\t<\/a>\n\t\t\t\t\t\t\t\t\t<\/li>\n<li>\n\t\t\t\t\t\t\t\t\t\t\t<a href=\"https:\/\/ipris.digital\/mystaging03\/fr\/rapports\/\"><br \/>\n\t\t\t\t\t\t\t\t\t\t\tRapports |<br \/>\n\t\t\t\t\t\t\t\t\t\t\t<\/a>\n\t\t\t\t\t\t\t\t\t<\/li>\n<li>\n\t\t\t\t\t\t\t\t\t\t\t<a href=\"https:\/\/ipris.digital\/mystaging03\/fr\/calendrier-des-evenements\/\"><br \/>\n\t\t\t\t\t\t\t\t\t\t\t\u00e9v\u00e9nements<br \/>\n\t\t\t\t\t\t\t\t\t\t\t<\/a>\n\t\t\t\t\t\t\t\t\t<\/li>\n<\/ul>\n<h2>\n\t\t\t\t\t<a href=\"https:\/\/ipris.digital\/mystaging03\/the-first-ever-ipris-training-for-a-cohort-from-francophone-africa\/\"><br \/>\n\t\t\t\t\t\tThe First-ever iPRIS Training for a Cohort from Francophone Africa\t\t\t\t\t<\/a><br \/>\n\t\t\t\t<\/h2>\n<p>\t\t\t                                                                                <!-- .elementskit-entry-header END --><\/p>\n<p>From September 8-25, 2024, the first-ever iPRIS training for a French-speaking cohort of seven Francophone Africa national telecom regulators will take place in Luxembourg. The training will cover a diverse range of topics including legal frameworks, market competition, consumer protection, and spectrum management. Participants will also visit several operators, the Court of Justice of the European Union, and cultural sites like museums and the Betzdorf and Vianden castles. A key component of the iPRIS project is the planning and implementation of \u201cChange Initiatives\u201d, strategic projects designed to address specific challenges within each regulator&#8217;s jurisdiction. These initiatives focus on tackling issues [&hellip;]<\/p>\n<p>                                                                                                                                <!-- .elementskit-post-footer END --><br \/>\n                                                                    <!-- .elementskit-post-body END --><br \/>\n                    <!-- .elementskit-blog-block-post .radius .gradient-bg END --><\/p>\n<h6 class='tpg-widget-heading'>\n\t\t\t\t\t\tActualit\u00e9s<br \/>\n\t\t\t\t\t\t\t<\/h6>\n<p>\t\t\t\t\t<a data-id=\"946\" href=\"https:\/\/ipris.digital\/mystaging03\/unlocking-ict-potential-ipris-project-revolutionises-regulatory-landscape-in-sub-saharan-africa\/\" target=\"_self\" rel=\"noopener\">                        <img loading=\"lazy\" decoding=\"async\" src=\"https:\/\/ipris.digital\/mystaging03\/wp-content\/uploads\/2023\/12\/WhatsApp-Image-2023-11-15-at-15.41.45-1-768x576.jpeg\"\n                             width=\"768\"\n                             height=\"576\"\n                             alt=\"Unlocking ICT Potential: iPRIS Project Revolutionises Regulatory Landscape in Sub-Saharan Africa\"><br \/>\n\t\t<\/a><\/p>\n<h4><a data-id=\"946\" href=\"https:\/\/ipris.digital\/mystaging03\/unlocking-ict-potential-ipris-project-revolutionises-regulatory-landscape-in-sub-saharan-africa\/\" target=\"_self\" rel=\"noopener\">Unlocking ICT Potential: iPRIS Project Revolutionises Regulatory Landscape in Sub-Saharan Africa<\/a><\/h4>\n<p>\t\t\t\t\t<a data-id=\"27409\" href=\"https:\/\/ipris.digital\/mystaging03\/africa-day-creating-opportunities-for-knowledge-exchange\/\" target=\"_self\" rel=\"noopener\">                        <img loading=\"lazy\" decoding=\"async\" src=\"https:\/\/ipris.digital\/mystaging03\/wp-content\/uploads\/2024\/05\/Africa-Day-01-768x511.jpg\"\n                             width=\"768\"\n                             height=\"511\"\n                             alt=\"Africa Day: Creating opportunities for knowledge exchange\"><br \/>\n\t\t<\/a><\/p>\n<h4><a data-id=\"27409\" href=\"https:\/\/ipris.digital\/mystaging03\/africa-day-creating-opportunities-for-knowledge-exchange\/\" target=\"_self\" rel=\"noopener\">Africa Day: Creating opportunities for knowledge exchange<\/a><\/h4>\n<p>\t\t\t\t\t<a data-id=\"27448\" href=\"https:\/\/ipris.digital\/mystaging03\/29th-annual-assemblies-extraordinary-congress-of-eaco\/\" target=\"_self\" rel=\"noopener\">                        <img loading=\"lazy\" decoding=\"async\" src=\"https:\/\/ipris.digital\/mystaging03\/wp-content\/uploads\/2024\/06\/29th-Annual-Assemblies-Extraordinary-Congress-of-EACO-01-768x432.jpg\"\n                             width=\"768\"\n                             height=\"432\"\n                             alt=\"29th Annual Assemblies &amp; Extraordinary Congress of EACO\"><br \/>\n\t\t<\/a><\/p>\n<h4><a data-id=\"27448\" href=\"https:\/\/ipris.digital\/mystaging03\/29th-annual-assemblies-extraordinary-congress-of-eaco\/\" target=\"_self\" rel=\"noopener\">29th Annual Assemblies &#038; Extraordinary Congress of EACO<\/a><\/h4>\n<p>\t\t\t\t\t<a data-id=\"27457\" href=\"https:\/\/ipris.digital\/mystaging03\/highlights-the-2024-ai-for-good-global-summit\/\" target=\"_self\" rel=\"noopener\">                        <img loading=\"lazy\" decoding=\"async\" src=\"https:\/\/ipris.digital\/mystaging03\/wp-content\/uploads\/2024\/06\/AI-for-global-01-768x511.jpg\"\n                             width=\"768\"\n                             height=\"511\"\n                             alt=\"Highlights: The 2024 AI for Good Global Summit\"><br \/>\n\t\t<\/a><\/p>\n<h4><a data-id=\"27457\" href=\"https:\/\/ipris.digital\/mystaging03\/highlights-the-2024-ai-for-good-global-summit\/\" target=\"_self\" rel=\"noopener\">Highlights: The 2024 AI for Good Global Summit<\/a><\/h4>\n<p>\t\t\t\t\t<a data-id=\"27531\" href=\"https:\/\/ipris.digital\/mystaging03\/the-2023-eaco-communications-sector-regional-report\/\" target=\"_self\" rel=\"noopener\">                        <img loading=\"lazy\" decoding=\"async\" src=\"https:\/\/ipris.digital\/mystaging03\/wp-content\/uploads\/2024\/06\/The-2023-EACO-Communications-Sector-Regional-Report-01-768x1365.jpg\"\n                             width=\"768\"\n                             height=\"1365\"\n                             alt=\"The 2023 EACO Communications Sector Regional Report\"><br \/>\n\t\t<\/a><\/p>\n<h4><a data-id=\"27531\" href=\"https:\/\/ipris.digital\/mystaging03\/the-2023-eaco-communications-sector-regional-report\/\" target=\"_self\" rel=\"noopener\">The 2023 EACO Communications Sector Regional Report<\/a><\/h4>\n<p>\t\t\t\t\t<a data-id=\"27589\" href=\"https:\/\/ipris.digital\/mystaging03\/building-sustainable-data-infrastructures-for-the-future\/\" target=\"_self\" rel=\"noopener\">                        <img loading=\"lazy\" decoding=\"async\" src=\"https:\/\/ipris.digital\/mystaging03\/wp-content\/uploads\/2024\/06\/1-768x1086.jpg\"\n                             width=\"768\"\n                             height=\"1086\"\n                             alt=\"Building sustainable data infrastructures for the future\"><br \/>\n\t\t<\/a><\/p>\n<h4><a data-id=\"27589\" href=\"https:\/\/ipris.digital\/mystaging03\/building-sustainable-data-infrastructures-for-the-future\/\" target=\"_self\" rel=\"noopener\">Building sustainable data infrastructures for the future<\/a><\/h4>\n<p>\t\t\t\t\t<a data-id=\"27602\" href=\"https:\/\/ipris.digital\/mystaging03\/icta-mauritius-ict-regulatory-authority-unveils-new-cybersecurity-guidelines-developed-while-participating-in-ipris\/\" target=\"_self\" rel=\"noopener\">                        <img loading=\"lazy\" decoding=\"async\" src=\"https:\/\/ipris.digital\/mystaging03\/wp-content\/uploads\/2024\/06\/ICTA-Mauritius-ICT-Regulatory-Authority-Unveils-New-Cybersecurity-Guidelines-Inspired-by-iPRIS-01-768x432.jpg\"\n                             width=\"768\"\n                             height=\"432\"\n                             alt=\"ICTA, Mauritius ICT Regulatory Authority Unveils New Cybersecurity Guidelines Developed While Participating in iPRIS\"><br \/>\n\t\t<\/a><\/p>\n<h4><a data-id=\"27602\" href=\"https:\/\/ipris.digital\/mystaging03\/icta-mauritius-ict-regulatory-authority-unveils-new-cybersecurity-guidelines-developed-while-participating-in-ipris\/\" target=\"_self\" rel=\"noopener\">ICTA, Mauritius ICT Regulatory Authority Unveils New Cybersecurity Guidelines Developed While Participating in iPRIS<\/a><\/h4>\n<p>\t\t\t\t\t<a data-id=\"27672\" href=\"https:\/\/ipris.digital\/mystaging03\/eaco-29th-annual-assemblies-extra-ordinary-congress-reflects-on-east-africas-ict-landscape\/\" target=\"_self\" rel=\"noopener\">                        <img loading=\"lazy\" decoding=\"async\" src=\"https:\/\/ipris.digital\/mystaging03\/wp-content\/uploads\/2024\/07\/EACO-29th-Annual-Assemblies-Extra-Ordinary-Congress-reflects-on-East-Africas-ICT-landscape-01-768x511.jpg\"\n                             width=\"768\"\n                             height=\"511\"\n                             alt=\"EACO 29th Annual Assemblies &#038; Extra-Ordinary Congress reflects on East Africa\u2019s ICT landscape\"><br \/>\n\t\t<\/a><\/p>\n<h4><a data-id=\"27672\" href=\"https:\/\/ipris.digital\/mystaging03\/eaco-29th-annual-assemblies-extra-ordinary-congress-reflects-on-east-africas-ict-landscape\/\" target=\"_self\" rel=\"noopener\">EACO 29th Annual Assemblies &#038; Extra-Ordinary Congress reflects on East Africa\u2019s ICT landscape<\/a><\/h4>\n<p>\t\t\t\t\t<a data-id=\"27910\" href=\"https:\/\/ipris.digital\/mystaging03\/diving-into-the-digital-economy-a-round-up-of-fratels-21st-seminar-in-lome\/\" target=\"_self\" rel=\"noopener\">                        <img loading=\"lazy\" decoding=\"async\" src=\"https:\/\/ipris.digital\/mystaging03\/wp-content\/uploads\/2024\/07\/Diving-into-the-digital-economy-a-round-up-of-Fratels-21st-seminar-in-Lome-01-768x511.jpg\"\n                             width=\"768\"\n                             height=\"511\"\n                             alt=\"Diving into the digital economy: a round-up of Fratel&#8217;s 21st seminar in Lom\u00e9\"><br \/>\n\t\t<\/a><\/p>\n<h4><a data-id=\"27910\" href=\"https:\/\/ipris.digital\/mystaging03\/diving-into-the-digital-economy-a-round-up-of-fratels-21st-seminar-in-lome\/\" target=\"_self\" rel=\"noopener\">Diving into the digital economy: a round-up of Fratel&#8217;s 21st seminar in Lom\u00e9<\/a><\/h4>\n<ul>\n<li>1<\/li>\n<li><a data-paged='2' href='https:\/\/ipris.digital\/mystaging03\/wp-admin\/admin-ajax.php?paged=2'>2<\/a><\/li>\n<li><a data-paged='3' href='https:\/\/ipris.digital\/mystaging03\/wp-admin\/admin-ajax.php?paged=3'>3<\/a><\/li>\n<li><a data-paged='4' href='https:\/\/ipris.digital\/mystaging03\/wp-admin\/admin-ajax.php?paged=4'>4<\/a><\/li>\n<\/ul>\n","protected":false},"excerpt":{"rendered":"<p>ACTUALIT\u00c9S ET BLOGS Actualit\u00e9s | Rapports | \u00e9v\u00e9nements The First-ever iPRIS Training for a Cohort from Francophone Africa From September 8-25, 2024, the first-ever iPRIS training for a French-speaking cohort of seven Francophone Africa national telecom regulators will take place in Luxembourg. The training will cover a diverse range of topics including legal frameworks, market [&hellip;]<\/p>\n","protected":false},"author":13,"featured_media":0,"parent":0,"menu_order":0,"comment_status":"closed","ping_status":"closed","template":"elementor_header_footer","meta":{"footnotes":""},"class_list":["post-30274","page","type-page","status-publish","hentry"],"_links":{"self":[{"href":"https:\/\/ipris.digital\/mystaging03\/fr\/wp-json\/wp\/v2\/pages\/30274","targetHints":{"allow":["GET"]}}],"collection":[{"href":"https:\/\/ipris.digital\/mystaging03\/fr\/wp-json\/wp\/v2\/pages"}],"about":[{"href":"https:\/\/ipris.digital\/mystaging03\/fr\/wp-json\/wp\/v2\/types\/page"}],"author":[{"embeddable":true,"href":"https:\/\/ipris.digital\/mystaging03\/fr\/wp-json\/wp\/v2\/users\/13"}],"replies":[{"embeddable":true,"href":"https:\/\/ipris.digital\/mystaging03\/fr\/wp-json\/wp\/v2\/comments?post=30274"}],"version-history":[{"count":7,"href":"https:\/\/ipris.digital\/mystaging03\/fr\/wp-json\/wp\/v2\/pages\/30274\/revisions"}],"predecessor-version":[{"id":30347,"href":"https:\/\/ipris.digital\/mystaging03\/fr\/wp-json\/wp\/v2\/pages\/30274\/revisions\/30347"}],"wp:attachment":[{"href":"https:\/\/ipris.digital\/mystaging03\/fr\/wp-json\/wp\/v2\/media?parent=30274"}],"curies":[{"name":"wp","href":"https:\/\/api.w.org\/{rel}","templated":true}]}}