{"id":30276,"date":"2024-10-24T06:43:08","date_gmt":"2024-10-24T06:43:08","guid":{"rendered":"https:\/\/ipris.digital\/mystaging03\/rapports\/"},"modified":"2024-10-27T21:45:52","modified_gmt":"2024-10-27T21:45:52","slug":"rapports","status":"publish","type":"page","link":"https:\/\/ipris.digital\/mystaging03\/fr\/rapports\/","title":{"rendered":"Rapports"},"content":{"rendered":"<h2>ACTUALIT\u00c9S ET BLOGS<\/h2>\n<ul>\n<li>\n\t\t\t\t\t\t\t\t\t\t\t<a href=\"https:\/\/ipris.digital\/mystaging03\/fr\/actualites\/\"><br \/>\n\t\t\t\t\t\t\t\t\t\t\tActualit\u00e9s |<br \/>\n\t\t\t\t\t\t\t\t\t\t\t<\/a>\n\t\t\t\t\t\t\t\t\t<\/li>\n<li>\n\t\t\t\t\t\t\t\t\t\t\t<a href=\"https:\/\/ipris.digital\/mystaging03\/fr\/rapports\/\"><br \/>\n\t\t\t\t\t\t\t\t\t\t\tRapports |<br \/>\n\t\t\t\t\t\t\t\t\t\t\t<\/a>\n\t\t\t\t\t\t\t\t\t<\/li>\n<li>\n\t\t\t\t\t\t\t\t\t\t\t<a href=\"https:\/\/ipris.digital\/mystaging03\/fr\/calendrier-des-evenements\/\"><br \/>\n\t\t\t\t\t\t\t\t\t\t\t\u00e9v\u00e9nements<br \/>\n\t\t\t\t\t\t\t\t\t\t\t<\/a>\n\t\t\t\t\t\t\t\t\t<\/li>\n<\/ul>\n<h6 class='tpg-widget-heading'>\n\t\t\t\t\t\tRAPPORTS<br \/>\n\t\t\t\t\t\t\t<\/h6>\n<p>\t\t\t\t\t<a data-id=\"26683\" href=\"https:\/\/ipris.digital\/mystaging03\/fr\/annonce-du-lancement-du-projet-ipris-ict-policy-regulation-institutional-strengthening\/\" target=\"_self\" rel=\"noopener\">                        <img loading=\"lazy\" decoding=\"async\" src=\"https:\/\/ipris.digital\/mystaging03\/wp-content\/uploads\/2023\/11\/iPRIS-logo.svg\"\n                             width=\"1\"\n                             height=\"1\"\n                             alt=\"Annonce du lancement du projet iPRIS (ICT Policy &#038; Regulation &#8211; Institutional Strengthening)\"><br \/>\n\t\t<\/a><\/p>\n<h4><a data-id=\"26683\" href=\"https:\/\/ipris.digital\/mystaging03\/fr\/annonce-du-lancement-du-projet-ipris-ict-policy-regulation-institutional-strengthening\/\" target=\"_self\" rel=\"noopener\">Annonce du lancement du projet iPRIS (ICT Policy &#038; Regulation &#8211; Institutional Strengthening)<\/a><\/h4>\n<p>\t\t\t\t\t<a data-id=\"26189\" href=\"https:\/\/ipris.digital\/mystaging03\/fr\/entretien-avec-patricia-kemei-directrice-adjointe-de-ladministration-communications-authority-of-kenya-on-digital-inclusion\/\" target=\"_self\" rel=\"noopener\">                        <img loading=\"lazy\" decoding=\"async\" src=\"https:\/\/ipris.digital\/mystaging03\/wp-content\/uploads\/2023\/12\/Patricia-Kimei-768x432.png\"\n                             width=\"768\"\n                             height=\"432\"\n                             alt=\"Entretien avec Patricia Kemei &#8211; Directrice adjointe de l&#8217;administration, Communications Authority of Kenya, sur l&#8217;inclusion num\u00e9rique\"><br \/>\n\t\t<\/a><\/p>\n<h4><a data-id=\"26189\" href=\"https:\/\/ipris.digital\/mystaging03\/fr\/entretien-avec-patricia-kemei-directrice-adjointe-de-ladministration-communications-authority-of-kenya-on-digital-inclusion\/\" target=\"_self\" rel=\"noopener\">Entretien avec Patricia Kemei &#8211; Directrice adjointe de l&#8217;administration, Communications Authority of Kenya, sur l&#8217;inclusion num\u00e9rique<\/a><\/h4>\n<p>\t\t\t\t\t<a data-id=\"26689\" href=\"https:\/\/ipris.digital\/mystaging03\/fr\/interview-with-lwando-bbuku-manager-markets-and-competition-zambia-information-and-communications-technology-authority-on-digital-inclusion\/\" target=\"_self\" rel=\"noopener\">                        <img loading=\"lazy\" decoding=\"async\" src=\"https:\/\/ipris.digital\/mystaging03\/wp-content\/uploads\/2023\/12\/BBUKU-768x432.png\"\n                             width=\"768\"\n                             height=\"432\"\n                             alt=\"Entretien avec Lwando Bbuku &#8211; Directeur des march\u00e9s et de la concurrence, Autorit\u00e9 zambienne des technologies de l&#8217;information et des communications sur l&#8217;inclusion num\u00e9rique\"><br \/>\n\t\t<\/a><\/p>\n<h4><a data-id=\"26689\" href=\"https:\/\/ipris.digital\/mystaging03\/fr\/interview-with-lwando-bbuku-manager-markets-and-competition-zambia-information-and-communications-technology-authority-on-digital-inclusion\/\" target=\"_self\" rel=\"noopener\">Entretien avec Lwando Bbuku &#8211; Directeur des march\u00e9s et de la concurrence, Autorit\u00e9 zambienne des technologies de l&#8217;information et des communications sur l&#8217;inclusion num\u00e9rique<\/a><\/h4>\n<ul>\n<li>\n\t\t\t\t\t\t\t\t\t\t\t<a href=\"https:\/\/ipris.digital\/mystaging03\/fr\/actualites\/\"><br \/>\n\t\t\t\t\t\t\t\t\t\t\tActualit\u00e9s |<br \/>\n\t\t\t\t\t\t\t\t\t\t\t<\/a>\n\t\t\t\t\t\t\t\t\t<\/li>\n<li>\n\t\t\t\t\t\t\t\t\t\t\t<a href=\"https:\/\/ipris.digital\/mystaging03\/fr\/rapports\/\"><br \/>\n\t\t\t\t\t\t\t\t\t\t\tRapports |<br \/>\n\t\t\t\t\t\t\t\t\t\t\t<\/a>\n\t\t\t\t\t\t\t\t\t<\/li>\n<li>\n\t\t\t\t\t\t\t\t\t\t\t<a href=\"https:\/\/ipris.digital\/mystaging03\/fr\/calendrier-des-evenements\/\"><br \/>\n\t\t\t\t\t\t\t\t\t\t\t\u00e9v\u00e9nements<br \/>\n\t\t\t\t\t\t\t\t\t\t\t<\/a>\n\t\t\t\t\t\t\t\t\t<\/li>\n<\/ul>\n<p>\t\t\t\t\t<a data-id=\"26189\" href=\"https:\/\/ipris.digital\/mystaging03\/fr\/entretien-avec-patricia-kemei-directrice-adjointe-de-ladministration-communications-authority-of-kenya-on-digital-inclusion\/\" target=\"_self\" rel=\"noopener\">                        <img loading=\"lazy\" decoding=\"async\" src=\"https:\/\/ipris.digital\/mystaging03\/wp-content\/uploads\/2023\/12\/Patricia-Kimei-768x432.png\"\n                             width=\"768\"\n                             height=\"432\"\n                             alt=\"Entretien avec Patricia Kemei &#8211; Directrice adjointe de l&#8217;administration, Communications Authority of Kenya, sur l&#8217;inclusion num\u00e9rique\"><br \/>\n\t\t<\/a><\/p>\n<h4><a data-id=\"26189\" href=\"https:\/\/ipris.digital\/mystaging03\/fr\/entretien-avec-patricia-kemei-directrice-adjointe-de-ladministration-communications-authority-of-kenya-on-digital-inclusion\/\" target=\"_self\" rel=\"noopener\">Entretien avec Patricia Kemei &#8211; Directrice adjointe de l&#8217;administration, Communications Authority of Kenya, sur l&#8217;inclusion num\u00e9rique<\/a><\/h4>\n<p>\t\t\t\t\t<a data-id=\"27585\" href=\"https:\/\/ipris.digital\/mystaging03\/fr\/construire-des-infrastructure-de-donnees-durables-pour-le-futur\/\" target=\"_self\" rel=\"noopener\">                        <img loading=\"lazy\" decoding=\"async\" src=\"https:\/\/ipris.digital\/mystaging03\/wp-content\/uploads\/2024\/06\/1-768x1086.jpg\"\n                             width=\"768\"\n                             height=\"1086\"\n                             alt=\"Construire des Infrastructure de donn\u00e9es durables pour le futur\"><br \/>\n\t\t<\/a><\/p>\n<h4><a data-id=\"27585\" href=\"https:\/\/ipris.digital\/mystaging03\/fr\/construire-des-infrastructure-de-donnees-durables-pour-le-futur\/\" target=\"_self\" rel=\"noopener\">Construire des Infrastructure de donn\u00e9es durables pour le futur<\/a><\/h4>\n<p>\t\t\t\t\t<a data-id=\"27591\" href=\"https:\/\/ipris.digital\/mystaging03\/fr\/interview-de-madame-bernice-edande-otye-secretaire-permanente-de-artac\/\" target=\"_self\" rel=\"noopener\">                        <img loading=\"lazy\" decoding=\"async\" src=\"https:\/\/ipris.digital\/mystaging03\/wp-content\/uploads\/2024\/06\/2-768x337.jpg\"\n                             width=\"768\"\n                             height=\"337\"\n                             alt=\"Interview de Madame Bernice  Edande Otye, S\u00e9cr\u00e9taire permanente de ARTAC\"><br \/>\n\t\t<\/a><\/p>\n<h4><a data-id=\"27591\" href=\"https:\/\/ipris.digital\/mystaging03\/fr\/interview-de-madame-bernice-edande-otye-secretaire-permanente-de-artac\/\" target=\"_self\" rel=\"noopener\">Interview de Madame Bernice  Edande Otye, S\u00e9cr\u00e9taire permanente de ARTAC<\/a><\/h4>\n<p>\t\t\t\t\t<a data-id=\"27615\" href=\"https:\/\/ipris.digital\/mystaging03\/fr\/journee-de-lafrique-creer-des-opportunites-pour-lechange-de-connaissances\/\" target=\"_self\" rel=\"noopener\">                        <img loading=\"lazy\" decoding=\"async\" src=\"https:\/\/ipris.digital\/mystaging03\/wp-content\/uploads\/2024\/05\/Africa-Day-01-1-768x511.jpg\"\n                             width=\"768\"\n                             height=\"511\"\n                             alt=\"Journ\u00e9e de l&#8217;Afrique : Cr\u00e9er des opportunit\u00e9s pour l&#8217;\u00e9change de connaissances\"><br \/>\n\t\t<\/a><\/p>\n<h4><a data-id=\"27615\" href=\"https:\/\/ipris.digital\/mystaging03\/fr\/journee-de-lafrique-creer-des-opportunites-pour-lechange-de-connaissances\/\" target=\"_self\" rel=\"noopener\">Journ\u00e9e de l&#8217;Afrique : Cr\u00e9er des opportunit\u00e9s pour l&#8217;\u00e9change de connaissances<\/a><\/h4>\n<p>\t\t\t\t\t<a data-id=\"27830\" href=\"https:\/\/ipris.digital\/mystaging03\/fr\/licta-lautorite-mauricienne-de-regulation-des-tic-devoile-de-nouvelles-lignes-directrices-sur-la-cybersecurite-inspirees-de-ipris-2\/\" target=\"_self\" rel=\"noopener\">                        <img loading=\"lazy\" decoding=\"async\" src=\"https:\/\/ipris.digital\/mystaging03\/wp-content\/uploads\/2024\/06\/ICTA-Mauritius-ICT-Regulatory-Authority-Unveils-New-Cybersecurity-Guidelines-Inspired-by-iPRIS-01-768x432.jpg\"\n                             width=\"768\"\n                             height=\"432\"\n                             alt=\"L&#8217;ICTA, l&#8217;autorit\u00e9 mauricienne de r\u00e9gulation des TIC, d\u00e9voile de nouvelles lignes directrices sur la cybers\u00e9curit\u00e9 inspir\u00e9es de iPRIS\"><br \/>\n\t\t<\/a><\/p>\n<h4><a data-id=\"27830\" href=\"https:\/\/ipris.digital\/mystaging03\/fr\/licta-lautorite-mauricienne-de-regulation-des-tic-devoile-de-nouvelles-lignes-directrices-sur-la-cybersecurite-inspirees-de-ipris-2\/\" target=\"_self\" rel=\"noopener\">L&#8217;ICTA, l&#8217;autorit\u00e9 mauricienne de r\u00e9gulation des TIC, d\u00e9voile de nouvelles lignes directrices sur la cybers\u00e9curit\u00e9 inspir\u00e9es de iPRIS<\/a><\/h4>\n<p>\t\t\t\t\t<a data-id=\"27836\" href=\"https:\/\/ipris.digital\/mystaging03\/fr\/la-29e-assemblee-annuelle-et-le-congres-extraordinaire-de-leaco-se-penchent-sur-le-paysage-des-tic-en-afrique-de-lest\/\" target=\"_self\" rel=\"noopener\">                        <img loading=\"lazy\" decoding=\"async\" src=\"https:\/\/ipris.digital\/mystaging03\/wp-content\/uploads\/2024\/07\/EACO-29th-Annual-Assemblies-Extra-Ordinary-Congress-reflects-on-East-Africas-ICT-landscape-01-768x511.jpg\"\n                             width=\"768\"\n                             height=\"511\"\n                             alt=\"La 29e assembl\u00e9e annuelle et le congr\u00e8s extraordinaire de l&#8217;EACO se penchent sur le paysage des TIC en Afrique de l&#8217;Est\"><br \/>\n\t\t<\/a><\/p>\n<h4><a data-id=\"27836\" href=\"https:\/\/ipris.digital\/mystaging03\/fr\/la-29e-assemblee-annuelle-et-le-congres-extraordinaire-de-leaco-se-penchent-sur-le-paysage-des-tic-en-afrique-de-lest\/\" target=\"_self\" rel=\"noopener\">La 29e assembl\u00e9e annuelle et le congr\u00e8s extraordinaire de l&#8217;EACO se penchent sur le paysage des TIC en Afrique de l&#8217;Est<\/a><\/h4>\n<p>\t\t\t\t\t<a data-id=\"27850\" href=\"https:\/\/ipris.digital\/mystaging03\/fr\/plongee-dans-leconomie-numerique-retour-sur-le-21eme-seminaire-de-fratel-a-lome-2\/\" target=\"_self\" rel=\"noopener\">                        <img loading=\"lazy\" decoding=\"async\" src=\"https:\/\/ipris.digital\/mystaging03\/wp-content\/uploads\/2024\/07\/Diving-into-the-digital-economy-a-round-up-of-Fratels-21st-seminar-in-Lome-01-768x511.jpg\"\n                             width=\"768\"\n                             height=\"511\"\n                             alt=\"Plong\u00e9e dans l&#8217;\u00e9conomie num\u00e9rique : retour sur le 21\u00e8me s\u00e9minaire de Fratel \u00e0 Lom\u00e9\"><br \/>\n\t\t<\/a><\/p>\n<h4><a data-id=\"27850\" href=\"https:\/\/ipris.digital\/mystaging03\/fr\/plongee-dans-leconomie-numerique-retour-sur-le-21eme-seminaire-de-fratel-a-lome-2\/\" target=\"_self\" rel=\"noopener\">Plong\u00e9e dans l&#8217;\u00e9conomie num\u00e9rique : retour sur le 21\u00e8me s\u00e9minaire de Fratel \u00e0 Lom\u00e9<\/a><\/h4>\n<p>\t\t\t\t\t<a data-id=\"27917\" href=\"https:\/\/ipris.digital\/mystaging03\/fr\/analyse-du-secteur-de-la-telephonie-mobile-au-congo-brazzaville-en-2023-tendances-defis-et-perspectives\/\" target=\"_self\" rel=\"noopener\">                        <img loading=\"lazy\" decoding=\"async\" src=\"https:\/\/ipris.digital\/mystaging03\/wp-content\/uploads\/2024\/07\/Analysis-of-the-mobile-telephony-sector-in-Congo-01-768x511.jpg\"\n                             width=\"768\"\n                             height=\"511\"\n                             alt=\"Analyse du secteur de la T\u00e9l\u00e9phonie mobile au Congo-Brazzaville en 2023 : Tendances, d\u00e9fis et perspectives\"><br \/>\n\t\t<\/a><\/p>\n<h4><a data-id=\"27917\" href=\"https:\/\/ipris.digital\/mystaging03\/fr\/analyse-du-secteur-de-la-telephonie-mobile-au-congo-brazzaville-en-2023-tendances-defis-et-perspectives\/\" target=\"_self\" rel=\"noopener\">Analyse du secteur de la T\u00e9l\u00e9phonie mobile au Congo-Brazzaville en 2023 : Tendances, d\u00e9fis et perspectives<\/a><\/h4>\n<p>\t\t\t\t\t<a data-id=\"28206\" href=\"https:\/\/ipris.digital\/mystaging03\/fr\/interview-de-madame-bernice-edande-otye-secretaire-permmanente-de-artac\/\" target=\"_self\" rel=\"noopener\">                        <img loading=\"lazy\" decoding=\"async\" src=\"https:\/\/ipris.digital\/mystaging03\/wp-content\/uploads\/2024\/07\/1-4-768x337.jpg\"\n                             width=\"768\"\n                             height=\"337\"\n                             alt=\"Interview de Madame Bernice  Edande Otye, S\u00e9cr\u00e9taire permmanente de ARTAC\"><br \/>\n\t\t<\/a><\/p>\n<h4><a data-id=\"28206\" href=\"https:\/\/ipris.digital\/mystaging03\/fr\/interview-de-madame-bernice-edande-otye-secretaire-permmanente-de-artac\/\" target=\"_self\" rel=\"noopener\">Interview de Madame Bernice  Edande Otye, S\u00e9cr\u00e9taire permmanente de ARTAC<\/a><\/h4>\n<ul>\n<li>1<\/li>\n<li><a data-paged='2' href='https:\/\/ipris.digital\/mystaging03\/wp-admin\/admin-ajax.php?paged=2'>2<\/a><\/li>\n<li><a data-paged='3' href='https:\/\/ipris.digital\/mystaging03\/wp-admin\/admin-ajax.php?paged=3'>3<\/a><\/li>\n<li><a data-paged='4' href='https:\/\/ipris.digital\/mystaging03\/wp-admin\/admin-ajax.php?paged=4'>4<\/a><\/li>\n<\/ul>\n","protected":false},"excerpt":{"rendered":"<p>ACTUALIT\u00c9S ET BLOGS Actualit\u00e9s | Rapports | \u00e9v\u00e9nements RAPPORTS Annonce du lancement du projet iPRIS (ICT Policy &#038; Regulation &#8211; Institutional Strengthening) Entretien avec Patricia Kemei &#8211; Directrice adjointe de l&#8217;administration, Communications Authority of Kenya, sur l&#8217;inclusion num\u00e9rique Entretien avec Lwando Bbuku &#8211; Directeur des march\u00e9s et de la concurrence, Autorit\u00e9 zambienne des technologies de [&hellip;]<\/p>\n","protected":false},"author":13,"featured_media":0,"parent":0,"menu_order":0,"comment_status":"closed","ping_status":"closed","template":"elementor_header_footer","meta":{"footnotes":""},"class_list":["post-30276","page","type-page","status-publish","hentry"],"_links":{"self":[{"href":"https:\/\/ipris.digital\/mystaging03\/fr\/wp-json\/wp\/v2\/pages\/30276","targetHints":{"allow":["GET"]}}],"collection":[{"href":"https:\/\/ipris.digital\/mystaging03\/fr\/wp-json\/wp\/v2\/pages"}],"about":[{"href":"https:\/\/ipris.digital\/mystaging03\/fr\/wp-json\/wp\/v2\/types\/page"}],"author":[{"embeddable":true,"href":"https:\/\/ipris.digital\/mystaging03\/fr\/wp-json\/wp\/v2\/users\/13"}],"replies":[{"embeddable":true,"href":"https:\/\/ipris.digital\/mystaging03\/fr\/wp-json\/wp\/v2\/comments?post=30276"}],"version-history":[{"count":3,"href":"https:\/\/ipris.digital\/mystaging03\/fr\/wp-json\/wp\/v2\/pages\/30276\/revisions"}],"predecessor-version":[{"id":30292,"href":"https:\/\/ipris.digital\/mystaging03\/fr\/wp-json\/wp\/v2\/pages\/30276\/revisions\/30292"}],"wp:attachment":[{"href":"https:\/\/ipris.digital\/mystaging03\/fr\/wp-json\/wp\/v2\/media?parent=30276"}],"curies":[{"name":"wp","href":"https:\/\/api.w.org\/{rel}","templated":true}]}}