{"id":30282,"date":"2024-09-01T21:52:26","date_gmt":"2024-09-01T21:52:26","guid":{"rendered":"https:\/\/ipris.digital\/mystaging03\/calendrier-des-evenements\/"},"modified":"2024-10-27T21:37:42","modified_gmt":"2024-10-27T21:37:42","slug":"calendrier-des-evenements","status":"publish","type":"page","link":"https:\/\/ipris.digital\/mystaging03\/fr\/calendrier-des-evenements\/","title":{"rendered":"Calendrier des \u00e9v\u00e9nements"},"content":{"rendered":"<h2 class='tpg-widget-heading'>\n\t\t\t\t\t\tCalendrier des \u00e9v\u00e9nements<br \/>\n\t\t\t\t\t\t\t<\/h2>\n<p>                <a href=\"#\"> September<\/a><\/p>\n<h2>October 2024<\/h2>\n<p><a href=\"#\">November <\/a><\/p>\n<dl>\n<dt>MO<\/dt>\n<dt>TU<\/dt>\n<dt>WE<\/dt>\n<dt>TH<\/dt>\n<dt>FR<\/dt>\n<dt>SA<\/dt>\n<dt>SU<\/dt>\n<\/dl>\n<dl>\n<dt>30<\/dt>\n<dt data-mec-cell=\"20241001\" data-day=\"1\" data-month=\"202410\">1<\/dt>\n<\/dt>\n<dt data-mec-cell=\"20241002\" data-day=\"2\" data-month=\"202410\">2<\/dt>\n<\/dt>\n<dt data-mec-cell=\"20241003\" data-day=\"3\" data-month=\"202410\">3<\/dt>\n<\/dt>\n<dt data-mec-cell=\"20241004\" data-day=\"4\" data-month=\"202410\">4<\/dt>\n<\/dt>\n<dt data-mec-cell=\"20241005\" data-day=\"5\" data-month=\"202410\">5<\/dt>\n<\/dt>\n<dt data-mec-cell=\"20241006\" data-day=\"6\" data-month=\"202410\">6<\/dt>\n<\/dt>\n<\/dl>\n<dl>\n<dt data-mec-cell=\"20241007\" data-day=\"7\" data-month=\"202410\">7<\/dt>\n<\/dt>\n<dt data-mec-cell=\"20241008\" data-day=\"8\" data-month=\"202410\">8<\/dt>\n<\/dt>\n<dt data-mec-cell=\"20241009\" data-day=\"9\" data-month=\"202410\">9<\/dt>\n<\/dt>\n<dt data-mec-cell=\"20241010\" data-day=\"10\" data-month=\"202410\">10<\/dt>\n<\/dt>\n<dt data-mec-cell=\"20241011\" data-day=\"11\" data-month=\"202410\">11<\/dt>\n<\/dt>\n<dt data-mec-cell=\"20241012\" data-day=\"12\" data-month=\"202410\">12<\/dt>\n<\/dt>\n<dt data-mec-cell=\"20241013\" data-day=\"13\" data-month=\"202410\">13<\/dt>\n<\/dt>\n<\/dl>\n<dl>\n<dt data-mec-cell=\"20241014\" data-day=\"14\" data-month=\"202410\">14<\/dt>\n<\/dt>\n<dt data-mec-cell=\"20241015\" data-day=\"15\" data-month=\"202410\">15<\/dt>\n<\/dt>\n<dt data-mec-cell=\"20241016\" data-day=\"16\" data-month=\"202410\">16<\/dt>\n<\/dt>\n<dt data-mec-cell=\"20241017\" data-day=\"17\" data-month=\"202410\">17<\/dt>\n<\/dt>\n<dt data-mec-cell=\"20241018\" data-day=\"18\" data-month=\"202410\">18<\/dt>\n<\/dt>\n<dt data-mec-cell=\"20241019\" data-day=\"19\" data-month=\"202410\">19<\/dt>\n<\/dt>\n<dt data-mec-cell=\"20241020\" data-day=\"20\" data-month=\"202410\">20<\/dt>\n<\/dt>\n<\/dl>\n<dl>\n<dt data-mec-cell=\"20241021\" data-day=\"21\" data-month=\"202410\">21<\/dt>\n<\/dt>\n<dt data-mec-cell=\"20241022\" data-day=\"22\" data-month=\"202410\">22<\/dt>\n<\/dt>\n<dt data-mec-cell=\"20241023\" data-day=\"23\" data-month=\"202410\">23<\/dt>\n<\/dt>\n<dt data-mec-cell=\"20241024\" data-day=\"24\" data-month=\"202410\">24<\/dt>\n<\/dt>\n<dt data-mec-cell=\"20241025\" data-day=\"25\" data-month=\"202410\">25<\/dt>\n<\/dt>\n<dt data-mec-cell=\"20241026\" data-day=\"26\" data-month=\"202410\">26<\/dt>\n<\/dt>\n<dt data-mec-cell=\"20241027\" data-day=\"27\" data-month=\"202410\">27<\/dt>\n<\/dt>\n<\/dl>\n<dl>\n<dt data-mec-cell=\"20241028\" data-day=\"28\" data-month=\"202410\">28<\/dt>\n<\/dt>\n<dt data-mec-cell=\"20241029\" data-day=\"29\" data-month=\"202410\">29<\/dt>\n<\/dt>\n<dt data-mec-cell=\"20241030\" data-day=\"30\" data-month=\"202410\">30<\/dt>\n<\/dt>\n<dt data-mec-cell=\"20241031\" data-day=\"31\" data-month=\"202410\">31<\/dt>\n<\/dt>\n<dt>1<\/dt>\n<dt>2<\/dt>\n<dt>3<\/dt>\n<\/dl>\n<h6>Events for October<\/h6>\n<h3> 1<\/h3>\n<article>No Events<\/article>\n<h6>Events for October<\/h6>\n<h3> 2<\/h3>\n<article>No Events<\/article>\n<h6>Events for October<\/h6>\n<h3> 3<\/h3>\n<article>No Events<\/article>\n<h6>Events for October<\/h6>\n<h3> 4<\/h3>\n<article>No Events<\/article>\n<h6>Events for October<\/h6>\n<h3> 5<\/h3>\n<article>No Events<\/article>\n<h6>Events for October<\/h6>\n<h3> 6<\/h3>\n<article>No Events<\/article>\n<h6>Events for October<\/h6>\n<h3> 7<\/h3>\n<article>No Events<\/article>\n<h6>Events for October<\/h6>\n<h3> 8<\/h3>\n<article>No Events<\/article>\n<h6>Events for October<\/h6>\n<h3> 9<\/h3>\n<article>No Events<\/article>\n<h6>Events for October<\/h6>\n<h3> 10<\/h3>\n<article>No Events<\/article>\n<h6>Events for October<\/h6>\n<h3> 11<\/h3>\n<article>No Events<\/article>\n<h6>Events for October<\/h6>\n<h3> 12<\/h3>\n<article>No Events<\/article>\n<h6>Events for October<\/h6>\n<h3> 13<\/h3>\n<article>No Events<\/article>\n<h6>Events for October<\/h6>\n<h3> 14<\/h3>\n<article>No Events<\/article>\n<h6>Events for October<\/h6>\n<h3> 15<\/h3>\n<article>No Events<\/article>\n<h6>Events for October<\/h6>\n<h3> 16<\/h3>\n<article>No Events<\/article>\n<h6>Events for October<\/h6>\n<h3> 17<\/h3>\n<article>No Events<\/article>\n<h6>Events for October<\/h6>\n<h3> 18<\/h3>\n<article>No Events<\/article>\n<h6>Events for October<\/h6>\n<h3> 19<\/h3>\n<article>No Events<\/article>\n<h6>Events for October<\/h6>\n<h3> 20<\/h3>\n<article>No Events<\/article>\n<h6>Events for October<\/h6>\n<h3> 21<\/h3>\n<article>No Events<\/article>\n<h6>Events for October<\/h6>\n<h3> 22<\/h3>\n<article>No Events<\/article>\n<h6>Events for October<\/h6>\n<h3> 23<\/h3>\n<article>No Events<\/article>\n<h6>Events for October<\/h6>\n<h3> 24<\/h3>\n<article>No Events<\/article>\n<h6>Events for October<\/h6>\n<h3> 25<\/h3>\n<article>No Events<\/article>\n<h6>Events for October<\/h6>\n<h3> 26<\/h3>\n<article>No Events<\/article>\n<h6>Events for October<\/h6>\n<h3> 27<\/h3>\n<article>No Events<\/article>\n<h6>Events for October<\/h6>\n<h3> 28<\/h3>\n<article>No Events<\/article>\n<h6>Events for October<\/h6>\n<h3> 29<\/h3>\n<article>No Events<\/article>\n<h6>Events for October<\/h6>\n<h3> 30<\/h3>\n<article>No Events<\/article>\n<h6>Events for October<\/h6>\n<h3> 31<\/h3>\n<article>No Events<\/article>\n<article itemscope>\n                                    12 - 30 May<br \/>\n                    H\u00f4tel Elite Palace<br \/>\n                Sunday<\/p>\n<h4><a data-event-id=\"27305\" href=\"https:\/\/ipris.digital\/mystaging03\/fr\/events\/atelier-de-la-phase-ipris-europe-cohorte-2024-a\/\" target=\"_blank\" rel=\"noopener\">Atelier de la phase iPRIS Europe (Cohorte 2024 A)<\/a><\/h4>\n<\/p>\n<p>                <a data-event-id=\"27305\" href=\"https:\/\/ipris.digital\/mystaging03\/fr\/events\/atelier-de-la-phase-ipris-europe-cohorte-2024-a\/\" target=\"_blank\" rel=\"noopener\">View Detail<\/a>                                                <\/p>\n<ul>\n<li>\n                        <a href=\"#\"><br \/>\n                        <\/a>\n                    <\/li>\n<li>\n<ul>\n<li><a href=\"https:\/\/www.facebook.com\/sharer\/sharer.php?u=https%3A%2F%2Fipris.digital%2Fmystaging03%2Ffr%2Fevents%2Fatelier-de-la-phase-ipris-europe-cohorte-2024-a%2F\" onclick=\"javascript:window.open(this.href, '', 'menubar=no,toolbar=no,resizable=yes,scrollbars=yes,height=500,width=600'); return false;\" target=\"_blank\" title=\"Share on Facebook\" rel=\"noopener\">Facebook<\/a><\/li>\n<li><a href=\"https:\/\/twitter.com\/share?url=https%3A%2F%2Fipris.digital%2Fmystaging03%2Ffr%2Fevents%2Fatelier-de-la-phase-ipris-europe-cohorte-2024-a%2F\" onclick=\"javascript:window.open(this.href, '', 'menubar=no,toolbar=no,resizable=yes,scrollbars=yes,height=600,width=500'); return false;\" target=\"_blank\" title=\"X Social Network\" rel=\"noopener\"><svg xmlns=\"http:\/\/www.w3.org\/2000\/svg\" shape-rendering=\"geometricPrecision\" text-rendering=\"geometricPrecision\" image-rendering=\"optimizeQuality\" fill-rule=\"evenodd\" clip-rule=\"evenodd\" viewBox=\"0 0 512 462.799\"><path fill-rule=\"nonzero\" d=\"M403.229 0h78.506L310.219 196.04 512 462.799H354.002L230.261 301.007 88.669 462.799h-78.56l183.455-209.683L0 0h161.999l111.856 147.88L403.229 0zm-27.556 415.805h43.505L138.363 44.527h-46.68l283.99 371.278z\"\/><\/svg>Twitter<\/a><\/li>\n<li><a href=\"https:\/\/www.linkedin.com\/shareArticle?mini=true&url=https%3A%2F%2Fipris.digital%2Fmystaging03%2Ffr%2Fevents%2Fatelier-de-la-phase-ipris-europe-cohorte-2024-a%2F\" onclick=\"javascript:window.open(this.href, '', 'menubar=no,toolbar=no,resizable=yes,scrollbars=yes,height=600,width=500'); return false;\" target=\"_blank\" title=\"Linkedin\" rel=\"noopener\">Linkedin<\/a><\/li>\n<li><a href=\"mailto:?subject=Atelier%20de%20la%20phase%20iPRIS%20Europe%20%28Cohorte%202024%20A%29&body=https%3A%2F%2Fipris.digital%2Fmystaging03%2Ffr%2Fevents%2Fatelier-de-la-phase-ipris-europe-cohorte-2024-a%2F\" title=\"Email\">Email<\/a><\/li>\n<\/ul>\n<\/li>\n<\/ul>\n<\/article>\n<article itemscope>\n                                    23 April<br \/>\n                Tuesday<\/p>\n<h4><a data-event-id=\"27389\" href=\"https:\/\/ipris.digital\/mystaging03\/fr\/events\/reduire-la-fracture-numerique-entre-les-hommes-et-les-femmes-en-afrique\/\" target=\"_blank\" rel=\"noopener\">REDUIRE LA FRACTURE NUMERIQUE ENTRE LES HOMMES ET LES FEMMES EN AFRIQUE<\/a><\/h4>\n<\/p>\n<p>                <a data-event-id=\"27389\" href=\"https:\/\/ipris.digital\/mystaging03\/fr\/events\/reduire-la-fracture-numerique-entre-les-hommes-et-les-femmes-en-afrique\/\" target=\"_blank\" rel=\"noopener\">View Detail<\/a>                                                <\/p>\n<ul>\n<li>\n                        <a href=\"#\"><br \/>\n                        <\/a>\n                    <\/li>\n<li>\n<ul>\n<li><a href=\"https:\/\/www.facebook.com\/sharer\/sharer.php?u=https%3A%2F%2Fipris.digital%2Fmystaging03%2Ffr%2Fevents%2Freduire-la-fracture-numerique-entre-les-hommes-et-les-femmes-en-afrique%2F\" onclick=\"javascript:window.open(this.href, '', 'menubar=no,toolbar=no,resizable=yes,scrollbars=yes,height=500,width=600'); return false;\" target=\"_blank\" title=\"Share on Facebook\" rel=\"noopener\">Facebook<\/a><\/li>\n<li><a href=\"https:\/\/twitter.com\/share?url=https%3A%2F%2Fipris.digital%2Fmystaging03%2Ffr%2Fevents%2Freduire-la-fracture-numerique-entre-les-hommes-et-les-femmes-en-afrique%2F\" onclick=\"javascript:window.open(this.href, '', 'menubar=no,toolbar=no,resizable=yes,scrollbars=yes,height=600,width=500'); return false;\" target=\"_blank\" title=\"X Social Network\" rel=\"noopener\"><svg xmlns=\"http:\/\/www.w3.org\/2000\/svg\" shape-rendering=\"geometricPrecision\" text-rendering=\"geometricPrecision\" image-rendering=\"optimizeQuality\" fill-rule=\"evenodd\" clip-rule=\"evenodd\" viewBox=\"0 0 512 462.799\"><path fill-rule=\"nonzero\" d=\"M403.229 0h78.506L310.219 196.04 512 462.799H354.002L230.261 301.007 88.669 462.799h-78.56l183.455-209.683L0 0h161.999l111.856 147.88L403.229 0zm-27.556 415.805h43.505L138.363 44.527h-46.68l283.99 371.278z\"\/><\/svg>Twitter<\/a><\/li>\n<li><a href=\"https:\/\/www.linkedin.com\/shareArticle?mini=true&url=https%3A%2F%2Fipris.digital%2Fmystaging03%2Ffr%2Fevents%2Freduire-la-fracture-numerique-entre-les-hommes-et-les-femmes-en-afrique%2F\" onclick=\"javascript:window.open(this.href, '', 'menubar=no,toolbar=no,resizable=yes,scrollbars=yes,height=600,width=500'); return false;\" target=\"_blank\" title=\"Linkedin\" rel=\"noopener\">Linkedin<\/a><\/li>\n<li><a href=\"mailto:?subject=REDUIRE%20LA%20FRACTURE%20NUMERIQUE%20ENTRE%20LES%20HOMMES%20ET%20LES%20FEMMES%20EN%20AFRIQUE&body=https%3A%2F%2Fipris.digital%2Fmystaging03%2Ffr%2Fevents%2Freduire-la-fracture-numerique-entre-les-hommes-et-les-femmes-en-afrique%2F\" title=\"Email\">Email<\/a><\/li>\n<\/ul>\n<\/li>\n<\/ul>\n<\/article>\n<article itemscope>\n                                    22 - 23 April<br \/>\n                Monday<\/p>\n<h4><a data-event-id=\"27391\" href=\"https:\/\/ipris.digital\/mystaging03\/fr\/events\/seminaire-artac-et-smart-africa-sur-le-free-roaming\/\" target=\"_blank\" rel=\"noopener\">SEMINAIRE ARTAC  ET SMART AFRICA SUR LE FREE ROAMING<\/a><\/h4>\n<\/p>\n<p>                <a data-event-id=\"27391\" href=\"https:\/\/ipris.digital\/mystaging03\/fr\/events\/seminaire-artac-et-smart-africa-sur-le-free-roaming\/\" target=\"_blank\" rel=\"noopener\">View Detail<\/a>                                                <\/p>\n<ul>\n<li>\n                        <a href=\"#\"><br \/>\n                        <\/a>\n                    <\/li>\n<li>\n<ul>\n<li><a href=\"https:\/\/www.facebook.com\/sharer\/sharer.php?u=https%3A%2F%2Fipris.digital%2Fmystaging03%2Ffr%2Fevents%2Fseminaire-artac-et-smart-africa-sur-le-free-roaming%2F\" onclick=\"javascript:window.open(this.href, '', 'menubar=no,toolbar=no,resizable=yes,scrollbars=yes,height=500,width=600'); return false;\" target=\"_blank\" title=\"Share on Facebook\" rel=\"noopener\">Facebook<\/a><\/li>\n<li><a href=\"https:\/\/twitter.com\/share?url=https%3A%2F%2Fipris.digital%2Fmystaging03%2Ffr%2Fevents%2Fseminaire-artac-et-smart-africa-sur-le-free-roaming%2F\" onclick=\"javascript:window.open(this.href, '', 'menubar=no,toolbar=no,resizable=yes,scrollbars=yes,height=600,width=500'); return false;\" target=\"_blank\" title=\"X Social Network\" rel=\"noopener\"><svg xmlns=\"http:\/\/www.w3.org\/2000\/svg\" shape-rendering=\"geometricPrecision\" text-rendering=\"geometricPrecision\" image-rendering=\"optimizeQuality\" fill-rule=\"evenodd\" clip-rule=\"evenodd\" viewBox=\"0 0 512 462.799\"><path fill-rule=\"nonzero\" d=\"M403.229 0h78.506L310.219 196.04 512 462.799H354.002L230.261 301.007 88.669 462.799h-78.56l183.455-209.683L0 0h161.999l111.856 147.88L403.229 0zm-27.556 415.805h43.505L138.363 44.527h-46.68l283.99 371.278z\"\/><\/svg>Twitter<\/a><\/li>\n<li><a href=\"https:\/\/www.linkedin.com\/shareArticle?mini=true&url=https%3A%2F%2Fipris.digital%2Fmystaging03%2Ffr%2Fevents%2Fseminaire-artac-et-smart-africa-sur-le-free-roaming%2F\" onclick=\"javascript:window.open(this.href, '', 'menubar=no,toolbar=no,resizable=yes,scrollbars=yes,height=600,width=500'); return false;\" target=\"_blank\" title=\"Linkedin\" rel=\"noopener\">Linkedin<\/a><\/li>\n<li><a href=\"mailto:?subject=SEMINAIRE%20ARTAC%20%20ET%20SMART%20AFRICA%20SUR%20LE%20FREE%20ROAMING&body=https%3A%2F%2Fipris.digital%2Fmystaging03%2Ffr%2Fevents%2Fseminaire-artac-et-smart-africa-sur-le-free-roaming%2F\" title=\"Email\">Email<\/a><\/li>\n<\/ul>\n<\/li>\n<\/ul>\n<\/article>\n<article itemscope>\n                                    21 - 24 April<br \/>\n                Sunday<\/p>\n<h4><a data-event-id=\"27388\" href=\"https:\/\/ipris.digital\/mystaging03\/fr\/events\/team-europe-at-the-connected-africa-summit-2024\/\" target=\"_blank\" rel=\"noopener\">TEAM EUROPE AT THE CONNECTED AFRICA SUMMIT 2024<\/a><\/h4>\n<\/p>\n<p>                <a data-event-id=\"27388\" href=\"https:\/\/ipris.digital\/mystaging03\/fr\/events\/team-europe-at-the-connected-africa-summit-2024\/\" target=\"_blank\" rel=\"noopener\">View Detail<\/a>                                                <\/p>\n<ul>\n<li>\n                        <a href=\"#\"><br \/>\n                        <\/a>\n                    <\/li>\n<li>\n<ul>\n<li><a href=\"https:\/\/www.facebook.com\/sharer\/sharer.php?u=https%3A%2F%2Fipris.digital%2Fmystaging03%2Ffr%2Fevents%2Fteam-europe-at-the-connected-africa-summit-2024%2F\" onclick=\"javascript:window.open(this.href, '', 'menubar=no,toolbar=no,resizable=yes,scrollbars=yes,height=500,width=600'); return false;\" target=\"_blank\" title=\"Share on Facebook\" rel=\"noopener\">Facebook<\/a><\/li>\n<li><a href=\"https:\/\/twitter.com\/share?url=https%3A%2F%2Fipris.digital%2Fmystaging03%2Ffr%2Fevents%2Fteam-europe-at-the-connected-africa-summit-2024%2F\" onclick=\"javascript:window.open(this.href, '', 'menubar=no,toolbar=no,resizable=yes,scrollbars=yes,height=600,width=500'); return false;\" target=\"_blank\" title=\"X Social Network\" rel=\"noopener\"><svg xmlns=\"http:\/\/www.w3.org\/2000\/svg\" shape-rendering=\"geometricPrecision\" text-rendering=\"geometricPrecision\" image-rendering=\"optimizeQuality\" fill-rule=\"evenodd\" clip-rule=\"evenodd\" viewBox=\"0 0 512 462.799\"><path fill-rule=\"nonzero\" d=\"M403.229 0h78.506L310.219 196.04 512 462.799H354.002L230.261 301.007 88.669 462.799h-78.56l183.455-209.683L0 0h161.999l111.856 147.88L403.229 0zm-27.556 415.805h43.505L138.363 44.527h-46.68l283.99 371.278z\"\/><\/svg>Twitter<\/a><\/li>\n<li><a href=\"https:\/\/www.linkedin.com\/shareArticle?mini=true&url=https%3A%2F%2Fipris.digital%2Fmystaging03%2Ffr%2Fevents%2Fteam-europe-at-the-connected-africa-summit-2024%2F\" onclick=\"javascript:window.open(this.href, '', 'menubar=no,toolbar=no,resizable=yes,scrollbars=yes,height=600,width=500'); return false;\" target=\"_blank\" title=\"Linkedin\" rel=\"noopener\">Linkedin<\/a><\/li>\n<li><a href=\"mailto:?subject=TEAM%20EUROPE%20AT%20THE%20CONNECTED%20AFRICA%20SUMMIT%202024&body=https%3A%2F%2Fipris.digital%2Fmystaging03%2Ffr%2Fevents%2Fteam-europe-at-the-connected-africa-summit-2024%2F\" title=\"Email\">Email<\/a><\/li>\n<\/ul>\n<\/li>\n<\/ul>\n<\/article>\n<article itemscope>\n                                    11 - 12 April<br \/>\n                    H\u00f4tel Royal Villas<br \/>\n                Thursday<\/p>\n<h4><a data-event-id=\"27392\" href=\"https:\/\/ipris.digital\/mystaging03\/fr\/events\/13e-assemblee-generale-annuelle-du-crasa\/\" target=\"_blank\" rel=\"noopener\">13e assembl\u00e9e g\u00e9n\u00e9rale annuelle du CRASA<\/a><\/h4>\n<p>Ezulwini<\/p>\n<p>                <a data-event-id=\"27392\" href=\"https:\/\/ipris.digital\/mystaging03\/fr\/events\/13e-assemblee-generale-annuelle-du-crasa\/\" target=\"_blank\" rel=\"noopener\">View Detail<\/a>                                                <\/p>\n<ul>\n<li>\n                        <a href=\"#\"><br \/>\n                        <\/a>\n                    <\/li>\n<li>\n<ul>\n<li><a href=\"https:\/\/www.facebook.com\/sharer\/sharer.php?u=https%3A%2F%2Fipris.digital%2Fmystaging03%2Ffr%2Fevents%2F13e-assemblee-generale-annuelle-du-crasa%2F\" onclick=\"javascript:window.open(this.href, '', 'menubar=no,toolbar=no,resizable=yes,scrollbars=yes,height=500,width=600'); return false;\" target=\"_blank\" title=\"Share on Facebook\" rel=\"noopener\">Facebook<\/a><\/li>\n<li><a href=\"https:\/\/twitter.com\/share?url=https%3A%2F%2Fipris.digital%2Fmystaging03%2Ffr%2Fevents%2F13e-assemblee-generale-annuelle-du-crasa%2F\" onclick=\"javascript:window.open(this.href, '', 'menubar=no,toolbar=no,resizable=yes,scrollbars=yes,height=600,width=500'); return false;\" target=\"_blank\" title=\"X Social Network\" rel=\"noopener\"><svg xmlns=\"http:\/\/www.w3.org\/2000\/svg\" shape-rendering=\"geometricPrecision\" text-rendering=\"geometricPrecision\" image-rendering=\"optimizeQuality\" fill-rule=\"evenodd\" clip-rule=\"evenodd\" viewBox=\"0 0 512 462.799\"><path fill-rule=\"nonzero\" d=\"M403.229 0h78.506L310.219 196.04 512 462.799H354.002L230.261 301.007 88.669 462.799h-78.56l183.455-209.683L0 0h161.999l111.856 147.88L403.229 0zm-27.556 415.805h43.505L138.363 44.527h-46.68l283.99 371.278z\"\/><\/svg>Twitter<\/a><\/li>\n<li><a href=\"https:\/\/www.linkedin.com\/shareArticle?mini=true&url=https%3A%2F%2Fipris.digital%2Fmystaging03%2Ffr%2Fevents%2F13e-assemblee-generale-annuelle-du-crasa%2F\" onclick=\"javascript:window.open(this.href, '', 'menubar=no,toolbar=no,resizable=yes,scrollbars=yes,height=600,width=500'); return false;\" target=\"_blank\" title=\"Linkedin\" rel=\"noopener\">Linkedin<\/a><\/li>\n<li><a href=\"mailto:?subject=13e%20assembl%C3%A9e%20g%C3%A9n%C3%A9rale%20annuelle%20du%20CRASA&body=https%3A%2F%2Fipris.digital%2Fmystaging03%2Ffr%2Fevents%2F13e-assemblee-generale-annuelle-du-crasa%2F\" title=\"Email\">Email<\/a><\/li>\n<\/ul>\n<\/li>\n<\/ul>\n<\/article>\n<p>        No event found!<\/p>\n","protected":false},"excerpt":{"rendered":"<p>Calendrier des \u00e9v\u00e9nements September October 2024 November MO TU WE TH FR SA SU 30 1 2 3 4 5 6 7 8 9 10 11 12 13 14 15 16 17 18 19 20 21 22 23 24 25 26 27 28 29 30 31 1 2 3 Events for October 1 No Events [&hellip;]<\/p>\n","protected":false},"author":13,"featured_media":0,"parent":0,"menu_order":0,"comment_status":"closed","ping_status":"closed","template":"elementor_header_footer","meta":{"footnotes":""},"class_list":["post-30282","page","type-page","status-publish","hentry"],"_links":{"self":[{"href":"https:\/\/ipris.digital\/mystaging03\/fr\/wp-json\/wp\/v2\/pages\/30282","targetHints":{"allow":["GET"]}}],"collection":[{"href":"https:\/\/ipris.digital\/mystaging03\/fr\/wp-json\/wp\/v2\/pages"}],"about":[{"href":"https:\/\/ipris.digital\/mystaging03\/fr\/wp-json\/wp\/v2\/types\/page"}],"author":[{"embeddable":true,"href":"https:\/\/ipris.digital\/mystaging03\/fr\/wp-json\/wp\/v2\/users\/13"}],"replies":[{"embeddable":true,"href":"https:\/\/ipris.digital\/mystaging03\/fr\/wp-json\/wp\/v2\/comments?post=30282"}],"version-history":[{"count":3,"href":"https:\/\/ipris.digital\/mystaging03\/fr\/wp-json\/wp\/v2\/pages\/30282\/revisions"}],"predecessor-version":[{"id":30286,"href":"https:\/\/ipris.digital\/mystaging03\/fr\/wp-json\/wp\/v2\/pages\/30282\/revisions\/30286"}],"wp:attachment":[{"href":"https:\/\/ipris.digital\/mystaging03\/fr\/wp-json\/wp\/v2\/media?parent=30282"}],"curies":[{"name":"wp","href":"https:\/\/api.w.org\/{rel}","templated":true}]}}