{"id":30307,"date":"2024-09-01T22:16:27","date_gmt":"2024-09-01T22:16:27","guid":{"rendered":"https:\/\/ipris.digital\/mystaging03\/partenaires-de-mise-en-oeuvre\/"},"modified":"2024-10-27T22:34:57","modified_gmt":"2024-10-27T22:34:57","slug":"partenaires-de-mise-en-oeuvre","status":"publish","type":"page","link":"https:\/\/ipris.digital\/mystaging03\/fr\/partenaires-de-mise-en-oeuvre\/","title":{"rendered":"Partenaires de mise en \u0153uvre"},"content":{"rendered":"<h2 class='tpg-widget-heading'>\n\t\t\t\t\t\tPartenaires de mise en \u0153uvre<br \/>\n\t\t\t\t\t\t\t<\/h2>\n<p>\t\t\t\t\t\t\t\t\t\t\t\t\t<img loading=\"lazy\" decoding=\"async\" width=\"768\" height=\"203\" src=\"https:\/\/ipris.digital\/mystaging03\/wp-content\/uploads\/2023\/12\/SPIDER-Signal-Full-logo-with-subtitle-copy-768x203.png\" alt=\"\" \/>\t\t\t\t\t\t\t\t\t\t\t\t\t<\/p>\n<h2 class='tpg-widget-heading'>\n\t\t\t\t\t\tSPIDER (le programme su\u00e9dois pour les TIC dans les r\u00e9gions en d\u00e9veloppement)<br \/>\n\t\t\t\t\t\t\t<\/h2>\n<p>SPIDER (le Programme su\u00e9dois pour les TIC dans les r\u00e9gions en d\u00e9veloppement) est un centre d\u2019habilitation ind\u00e9pendant bas\u00e9 au d\u00e9partement des sciences informatiques et des syst\u00e8mes de l\u2019universit\u00e9 de Stockholm. Depuis 2004, SPIDER \u0153uvre \u00e0 la digitalisation inclusive afin d\u2019atteindre les ODD, devenant un centre public ind\u00e9pendant avec des programmes innovants en Afrique, en Asie et en Am\u00e9rique latine. Gr\u00e2ce \u00e0 ses r\u00e9seaux mondiaux, SPIDER propose des initiatives cibl\u00e9es de d\u00e9veloppement professionnel et de renforcement des capacit\u00e9s. Cette approche collaborative permet au d\u00e9veloppement international num\u00e9rique de progresser de mani\u00e8re innovante et avec un impact fort.<\/p>\n<p><a href=\"https:\/\/spidercenter.org\/\">Visitez leur site web<\/a><\/p>\n<p>\t\t\t\t\t\t\t\t\t\t\t\t\t<img loading=\"lazy\" decoding=\"async\" width=\"171\" height=\"107\" src=\"https:\/\/ipris.digital\/mystaging03\/wp-content\/uploads\/2024\/10\/ILR-NEW.png\" alt=\"\" \/>\t\t\t\t\t\t\t\t\t\t\t\t\t<\/p>\n<h2 class='tpg-widget-heading'>\n\t\t\t\t\t\tL\u2019Institut luxembourgeois de r\u00e9gulation (ILR)<br \/>\n\t\t\t\t\t\t\t<\/h2>\n<p>L\u2019Institut luxembourgeois de r\u00e9gulation (ILR) est une entit\u00e9-cl\u00e9 charg\u00e9e d\u2019assurer et de superviser les affaires r\u00e9glementaires. Il joue \u00e9galement le r\u00f4le de m\u00e9diateur dans les litiges concernant divers secteurs \u00e9conomiques. Ces secteurs comprennent les communications \u00e9lectroniques, l\u2019\u00e9lectricit\u00e9, le gaz naturel, les services postaux, les transports et les radiofr\u00e9quences. L\u2019ILR a pour mission de garantir et de superviser le bon fonctionnement des march\u00e9s dans l\u2019int\u00e9r\u00eat des consommateurs, en s\u2019appuyant sur une concurrence efficace et durable, tout en assurant un service universel fondamental.<\/p>\n<p><a href=\"https:\/\/web.ilr.lu\/FR\/ILR\">Visitez leur site web<\/a><\/p>\n<p>\t\t\t\t\t\t\t\t\t\t\t\t\t<img loading=\"lazy\" decoding=\"async\" width=\"106\" height=\"55\" src=\"https:\/\/ipris.digital\/mystaging03\/wp-content\/uploads\/2023\/12\/pts.png\" alt=\"\" \/>\t\t\t\t\t\t\t\t\t\t\t\t\t<\/p>\n<h2 class='tpg-widget-heading'>\n\t\t\t\t\t\tL\u2019autorit\u00e9 su\u00e9doise des postes et t\u00e9l\u00e9communications (PTS)<br \/>\n\t\t\t\t\t\t\t<\/h2>\n<p>L\u2019Autorit\u00e9 su\u00e9doise des postes et t\u00e9l\u00e9communications (PTS) joue un r\u00f4le essentiel dans la supervision des secteurs des communications \u00e9lectroniques et des services postaux. Elle est l\u2019une des 22 autorit\u00e9s strat\u00e9giques charg\u00e9es de r\u00e9aliser les objectifs du gouvernement en mati\u00e8re des TIC. Plac\u00e9 sous la tutelle du minist\u00e8re su\u00e9dois des infrastructures et dirig\u00e9 par un conseil d\u2019administration nomm\u00e9 par le gouvernement, PTS est un acteur cl\u00e9 du paysage r\u00e9glementaire su\u00e9dois.<br \/>Avant iPRIS, PTS a particip\u00e9 au programme de renforcement des capacit\u00e9s allant de 2013 \u00e0 2022 et couvrant plus de 20 pays d\u2019Afrique subsaharienne. En collaboration avec SPIDER, PTS a soutenu plus de 100 initiatives de changement, engageant plus de 200 participants d\u00e9di\u00e9s \u00e0 l\u2019am\u00e9lioration de la r\u00e9gulation dans le secteur des TIC.<\/p>\n<p><a href=\"https:\/\/www.pts.se\/en\/\">Visitez leur site web<\/a><\/p>\n","protected":false},"excerpt":{"rendered":"<p>Partenaires de mise en \u0153uvre SPIDER (le programme su\u00e9dois pour les TIC dans les r\u00e9gions en d\u00e9veloppement) SPIDER (le Programme su\u00e9dois pour les TIC dans les r\u00e9gions en d\u00e9veloppement) est un centre d\u2019habilitation ind\u00e9pendant bas\u00e9 au d\u00e9partement des sciences informatiques et des syst\u00e8mes de l\u2019universit\u00e9 de Stockholm. Depuis 2004, SPIDER \u0153uvre \u00e0 la digitalisation inclusive [&hellip;]<\/p>\n","protected":false},"author":13,"featured_media":0,"parent":0,"menu_order":0,"comment_status":"closed","ping_status":"closed","template":"elementor_header_footer","meta":{"footnotes":""},"class_list":["post-30307","page","type-page","status-publish","hentry"],"_links":{"self":[{"href":"https:\/\/ipris.digital\/mystaging03\/fr\/wp-json\/wp\/v2\/pages\/30307","targetHints":{"allow":["GET"]}}],"collection":[{"href":"https:\/\/ipris.digital\/mystaging03\/fr\/wp-json\/wp\/v2\/pages"}],"about":[{"href":"https:\/\/ipris.digital\/mystaging03\/fr\/wp-json\/wp\/v2\/types\/page"}],"author":[{"embeddable":true,"href":"https:\/\/ipris.digital\/mystaging03\/fr\/wp-json\/wp\/v2\/users\/13"}],"replies":[{"embeddable":true,"href":"https:\/\/ipris.digital\/mystaging03\/fr\/wp-json\/wp\/v2\/comments?post=30307"}],"version-history":[{"count":6,"href":"https:\/\/ipris.digital\/mystaging03\/fr\/wp-json\/wp\/v2\/pages\/30307\/revisions"}],"predecessor-version":[{"id":30335,"href":"https:\/\/ipris.digital\/mystaging03\/fr\/wp-json\/wp\/v2\/pages\/30307\/revisions\/30335"}],"wp:attachment":[{"href":"https:\/\/ipris.digital\/mystaging03\/fr\/wp-json\/wp\/v2\/media?parent=30307"}],"curies":[{"name":"wp","href":"https:\/\/api.w.org\/{rel}","templated":true}]}}